{"id":10537,"date":"2024-01-29T11:22:50","date_gmt":"2024-01-29T11:22:50","guid":{"rendered":"https:\/\/www.zoosantoinacio.com\/contactos\/"},"modified":"2024-12-10T14:26:22","modified_gmt":"2024-12-10T14:26:22","slug":"contacts","status":"publish","type":"page","link":"https:\/\/www.zoosantoinacio.com\/en\/contacts\/","title":{"rendered":"Contacts"},"content":{"rendered":"\n<div class=\"page-bg-medium\">\n\n    <div class=\"container-padding\">\n                <div class=\"margin-70 no-top-margin\">\r\n            <div class=\"container\">\r\n                <div class=\"contact-data-container\">\r\n                    <span class=\"icon icon-telephone\"><\/span>\r\n                    <div class=\"contact-data\">\r\n                        <p><a href=\"tel:351227878500\">+351 227 878 500<\/a><\/p>\r\n                        <p class=\"note\">Call the national fixed telephone network<\/p>\r\n                    <\/div>\r\n                <\/div>\r\n\r\n                <div class=\"contact-data-container\">\r\n                    <span class=\"icon icon-plane\"><\/span>\r\n                    <div class=\"contact-data\">\r\n                        <p><a href=\"mailto:info@zoosantoinacio.com\">info@zoosantoinacio.com<\/a><\/p>\r\n                    <\/div>\r\n                <\/div>\r\n            <\/div>\r\n        <\/div>\n        \n<div class=\"wpcf7 no-js\" id=\"wpcf7-f10552-o1\" lang=\"en-US\" dir=\"ltr\" data-wpcf7-id=\"10552\">\n<div class=\"screen-reader-response\"><p role=\"status\" aria-live=\"polite\" aria-atomic=\"true\"><\/p> <ul><\/ul><\/div>\n<form action=\"\/en\/wp-json\/wp\/v2\/pages\/10537#wpcf7-f10552-o1\" method=\"post\" class=\"wpcf7-form init\" aria-label=\"Contact form\" novalidate=\"novalidate\" data-status=\"init\">\n<fieldset class=\"hidden-fields-container\"><input type=\"hidden\" name=\"_wpcf7\" value=\"10552\" \/><input type=\"hidden\" name=\"_wpcf7_version\" value=\"6.1.5\" \/><input type=\"hidden\" name=\"_wpcf7_locale\" value=\"en_US\" \/><input type=\"hidden\" name=\"_wpcf7_unit_tag\" value=\"wpcf7-f10552-o1\" \/><input type=\"hidden\" name=\"_wpcf7_container_post\" value=\"0\" \/><input type=\"hidden\" name=\"_wpcf7_posted_data_hash\" value=\"\" \/><input type=\"hidden\" name=\"_wpcf7cf_hidden_group_fields\" value=\"[]\" \/><input type=\"hidden\" name=\"_wpcf7cf_hidden_groups\" value=\"[]\" \/><input type=\"hidden\" name=\"_wpcf7cf_visible_groups\" value=\"[]\" \/><input type=\"hidden\" name=\"_wpcf7cf_repeaters\" value=\"[]\" \/><input type=\"hidden\" name=\"_wpcf7cf_steps\" value=\"{}\" \/><input type=\"hidden\" name=\"_wpcf7cf_options\" value=\"{&quot;form_id&quot;:10552,&quot;conditions&quot;:[],&quot;settings&quot;:{&quot;animation&quot;:&quot;yes&quot;,&quot;animation_intime&quot;:200,&quot;animation_outtime&quot;:200,&quot;conditions_ui&quot;:&quot;normal&quot;,&quot;notice_dismissed&quot;:false,&quot;notice_dismissed_rollback-cf7-5.8.6&quot;:true}}\" \/><input type=\"hidden\" name=\"_wpcf7dtx_version\" value=\"5.0.5\" \/><input type=\"hidden\" name=\"_wpcf7_recaptcha_response\" value=\"\" \/>\n<\/fieldset>\n<div class=\"form-container\">\n\n    <div class=\"margin-50\">\n        <div class=\"text-center\">\n            <h2 class=\"title\">Send us a message<\/h2>\n        <\/div>\n    <\/div>\n\n    <div class=\"\">\n\n            <!-- row -->\n            <div class=\"form-row\">\n                <!-- column -->\n                <div class=\"form-col\">\n                    <!-- field -->\n                    <div class=\"form-field\">\n                        <label class=\"label\">Name<\/label>\n                        <span class=\"wpcf7-form-control-wrap\" data-name=\"first_name\"><input size=\"40\" maxlength=\"400\" class=\"wpcf7-form-control wpcf7-text wpcf7-validates-as-required input-field\" aria-required=\"true\" aria-invalid=\"false\" value=\"\" type=\"text\" name=\"first_name\" \/><\/span>\n                    <\/div>\n                <\/div>\n                <!-- column -->\n                <div class=\"form-col\">\n                    <!-- field -->\n                    <div class=\"form-field\">\n                        <label class=\"label\">Email<\/label>\n                        <span class=\"wpcf7-form-control-wrap\" data-name=\"your-email\"><input size=\"40\" maxlength=\"400\" class=\"wpcf7-form-control wpcf7-email wpcf7-validates-as-required wpcf7-text wpcf7-validates-as-email input-field\" aria-required=\"true\" aria-invalid=\"false\" value=\"\" type=\"email\" name=\"your-email\" \/><\/span>\n                    <\/div>\n                <\/div>\n            <\/div>\n\n            <!-- row -->\n            <div class=\"form-row\">\n                <!-- column -->\n                <div class=\"form-col\">\n                    <!-- field -->\n                    <div class=\"form-field\">\n                        <label class=\"label\">Phone<\/label>\n                        <span class=\"wpcf7-form-control-wrap\" data-name=\"your-phone\"><input size=\"40\" maxlength=\"400\" class=\"wpcf7-form-control wpcf7-text wpcf7-validates-as-required input-field\" aria-required=\"true\" aria-invalid=\"false\" value=\"\" type=\"text\" name=\"your-phone\" \/><\/span>\n                    <\/div>\n                <\/div>\n            <\/div>\n\n            <!-- row -->\n            <div class=\"form-row\">\n                <!-- column -->\n                <div class=\"form-col-full\">\n                    <!-- field -->\n                    <div class=\"form-field\">\n                        <label class=\"label top\">Message<\/label>\n                        <span class=\"wpcf7-form-control-wrap\" data-name=\"your-message\"><textarea cols=\"40\" rows=\"10\" maxlength=\"2000\" class=\"wpcf7-form-control wpcf7-textarea wpcf7-validates-as-required textarea\" aria-required=\"true\" aria-invalid=\"false\" name=\"your-message\"><\/textarea><\/span>\n                    <\/div>\n                <\/div>\n            <\/div>\n\n            <!-- row -->\n            <div class=\"form-row-indent\">\n                <!-- field -->\n                <div class=\"checkox-row\">\n<span class=\"wpcf7-form-control-wrap\" data-name=\"privacy\"><span class=\"wpcf7-form-control wpcf7-acceptance\"><span class=\"wpcf7-list-item\"><label><input type=\"checkbox\" name=\"privacy\" value=\"1\" class=\"checkox\" aria-invalid=\"false\" \/><span class=\"wpcf7-list-item-label\">I expressly and unequivocally agree that my personal data be processed for a possible contact and I accept the <a href=\"\/en\/privacy-policy\/\" title=\"Pol\u00edtica de Privacidade\">Privacy Policy and processing of personal data<\/a> of Zoo Santo In\u00e1cio.<\/span><\/label><\/span><\/span><\/span>\n                <\/div>\n\n<div class=\"checkox-row\">\n<span class=\"wpcf7-form-control-wrap\" data-name=\"newsletter\"><span class=\"wpcf7-form-control wpcf7-acceptance optional\"><span class=\"wpcf7-list-item\"><label><input type=\"checkbox\" name=\"newsletter\" value=\"1\" class=\"checkox opt-in\" aria-invalid=\"false\" \/><span class=\"wpcf7-list-item-label\">I intend to receive communications from Zoo Santo In\u00e1cio in my email in accordance with the Zoo's <a href=\"\/en\/privacy-policy\/\">privacy policy<\/a>.<\/span><\/label><\/span><\/span><\/span>\n<\/div>\n\n<div style=\"display:none;\"> <span class=\"wpcf7-form-control-wrap\" data-name=\"your-subject\"><input size=\"40\" maxlength=\"400\" class=\"wpcf7-form-control wpcf7-text\" aria-invalid=\"false\" value=\"Site-en\" type=\"text\" name=\"your-subject\" \/><\/span><\/div> \n<div style=\"display:none;\"> <span class=\"wpcf7-form-control-wrap\" data-name=\"extra_5\"><input size=\"40\" maxlength=\"400\" class=\"wpcf7-form-control wpcf7-text\" aria-invalid=\"false\" value=\"nao\" type=\"text\" name=\"extra_5\" \/><\/span><\/div> \n<div style=\"display:none;\"> <span class=\"wpcf7-form-control-wrap\" data-name=\"status-egoi\"><input size=\"40\" maxlength=\"400\" class=\"wpcf7-form-control wpcf7-text\" aria-invalid=\"false\" value=\"1\" type=\"text\" name=\"status-egoi\" \/><\/span> <\/div>\n\n            <\/div>\n\n            <div class=\"margin-20 no-bottom-margin\">\n                <div class=\"text-center\">\n                    <input class=\"wpcf7-form-control wpcf7-submit has-spinner button\" type=\"submit\" value=\"Send\" \/>\n                <\/div>\n            <\/div>\n\n    <\/div>\n<\/div><div class=\"wpcf7-response-output\" aria-hidden=\"true\"><\/div>\n<\/form>\n<\/div>\n\n    <\/div>\n\n        <!-- MAP -->\r\n    <div class=\"map-block\">\r\n        <!-- col -->\r\n        <div class=\"map-col-2\">\r\n            <div class=\"map-content\">\r\n                <h2 class=\"title map-title\">Where we are<\/h2>\r\n                <div class=\"map-text\">\r\n                    <p>Rua 5 de Outubro, <br>4503 4430-809 Avintes <br>Vila Nova de Gaia, Porto, Portugal<\/p>\r\n                    <p><a class=\"button\" target=\"_blank\" href=\"http:\/\/maps.google.com\/?q=Zoo+Santo+In%C3%A1cio\" rel=\"noopener\">Google Maps<\/a><\/p>\r\n                <\/div>\r\n            <\/div>\r\n        <\/div>\r\n        <!-- col -->\r\n        <div class=\"map-col-1\">\r\n            <a href=\"http:\/\/maps.google.com\/?q=Zoo+Santo+In%C3%A1cio\" target=\"_blank\" class=\"map-img\" style=\"background-image: url(\/wp-content\/themes\/wildpark\/img\/dev\/map.jpg)\"><\/a>            \r\n        <\/div>\r\n    <\/div>\r\n\r\n\r\n\r\n\r\n    <!-- Como chegar -->\r\n\r\n<div class=\"margin-70\">\r\n    <div class=\"container-padding\">\r\n        <div class=\"transp-container\">\r\n            <h2 class=\"title large transp-title\">How to Get Here<\/h2>\r\n            <div class=\"transp-flex\">\r\n\r\n                <!-- item -->\r\n                <div class=\"transp-col\">\r\n                    <div class=\"transp-item\">\r\n                        <div class=\"transp-icon\">\r\n                            <img loading=\"lazy\" decoding=\"async\" width=\"60\" height=\"41\" src=\"\/wp-content\/themes\/wildpark\/img\/icons\/car.svg\" alt=\"\">\r\n                        <\/div>\r\n                        <div class=\"transp-text\">\r\n                            <div class=\"transp-head\">\r\n                                <div class=\"transp-tit\">\r\n                                    <h3>By car<\/h3>\r\n                                <\/div>\r\n                            <\/div>\r\n                            <p><strong>South-North direction<\/strong> <br>A1 and A29 \u2013 Exit Avintes\/Castelo de Paiva \u2013 N222<\/p>\r\n                            <p><strong>North-South direction<\/strong> <br>A20 (Ponte do Freixo) \u2013 Exit Avintes\/Castelo de Paiva \u2013 N222<\/p>\r\n                        <\/div>\r\n                    <\/div>\r\n                <\/div>\r\n\r\n                <!-- item -->\r\n                <div class=\"transp-col\">\r\n                    <div class=\"transp-item\">\r\n                        <div class=\"transp-icon\">\r\n                            <img loading=\"lazy\" decoding=\"async\" width=\"36\" height=\"51\" src=\"\/wp-content\/themes\/wildpark\/img\/icons\/parking.svg\" alt=\"\">\r\n                        <\/div>\r\n                        <div class=\"transp-text\">\r\n                            <div class=\"transp-head\">\r\n                                <div class=\"transp-tit\">\r\n                                    <h3>Parking<\/h3>\r\n                                <\/div>\r\n                            <\/div>\r\n                            <p>There is a free outdoor parking space <strong>with easy access<\/strong> to cars and buses. The opening hours are the same as those of Zoo Santo In\u00e1cio. <br> <strong>We have 4 charging stations so that you can charge your electric vehicle while exploring the Zoo\u2019s wildlife.<\/strong> <\/p>\r\n                        <\/div>\r\n                    <\/div>\r\n                <\/div>\r\n\r\n            <\/div>\r\n            <div class=\"transp-footer\">\r\n                <a class=\"button\" href=\"http:\/\/maps.google.com\/?q=Zoo+Santo+In%C3%A1cio\" target=\"_blank\">Google Maps directions<\/a>\r\n            <\/div>\r\n        <\/div>\r\n    <\/div>\r\n<\/div>\r\n\n<\/div>\n","protected":false},"excerpt":{"rendered":"","protected":false},"author":2,"featured_media":8412,"parent":0,"menu_order":0,"comment_status":"closed","ping_status":"closed","template":"templates\/default_no-container.php","meta":{"_acf_changed":false,"footnotes":""},"class_list":["post-10537","page","type-page","status-publish","has-post-thumbnail","hentry"],"acf":[],"yoast_head":"<!-- This site is optimized with the Yoast SEO plugin v27.3 - https:\/\/yoast.com\/product\/yoast-seo-wordpress\/ -->\n<title>Contacts - Zoo Santo In\u00e1cio<\/title>\n<meta name=\"description\" content=\"Fale connosco e esclare\u00e7a as suas d\u00favidas. Entre agora mesmo em contacto com o Zoo Santo In\u00e1cio.\" \/>\n<meta name=\"robots\" content=\"index, follow, max-snippet:-1, max-image-preview:large, max-video-preview:-1\" \/>\n<link rel=\"canonical\" href=\"https:\/\/www.zoosantoinacio.com\/en\/contacts\/\" \/>\n<meta property=\"og:locale\" content=\"en_US\" \/>\n<meta property=\"og:type\" content=\"article\" \/>\n<meta property=\"og:title\" content=\"Contacts - Zoo Santo In\u00e1cio\" \/>\n<meta property=\"og:description\" content=\"Fale connosco e esclare\u00e7a as suas d\u00favidas. Entre agora mesmo em contacto com o Zoo Santo In\u00e1cio.\" \/>\n<meta property=\"og:url\" content=\"https:\/\/www.zoosantoinacio.com\/en\/contacts\/\" \/>\n<meta property=\"og:site_name\" content=\"Zoo Santo In\u00e1cio\" \/>\n<meta property=\"article:publisher\" content=\"https:\/\/www.facebook.com\/zoosantoinacio\/\" \/>\n<meta property=\"article:modified_time\" content=\"2024-12-10T14:26:22+00:00\" \/>\n<meta property=\"og:image\" content=\"https:\/\/www.zoosantoinacio.com\/wp-content\/uploads\/2024\/02\/wild-park-36-2560x699.jpg\" \/>\n\t<meta property=\"og:image:width\" content=\"2560\" \/>\n\t<meta property=\"og:image:height\" content=\"699\" \/>\n\t<meta property=\"og:image:type\" content=\"image\/jpeg\" \/>\n<meta name=\"twitter:card\" content=\"summary_large_image\" \/>\n<meta name=\"twitter:label1\" content=\"Est. reading time\" \/>\n\t<meta name=\"twitter:data1\" content=\"1 minute\" \/>\n<script type=\"application\/ld+json\" class=\"yoast-schema-graph\">{\"@context\":\"https:\\\/\\\/schema.org\",\"@graph\":[{\"@type\":\"WebPage\",\"@id\":\"https:\\\/\\\/www.zoosantoinacio.com\\\/en\\\/contacts\\\/\",\"url\":\"https:\\\/\\\/www.zoosantoinacio.com\\\/en\\\/contacts\\\/\",\"name\":\"Contacts - Zoo Santo In\u00e1cio\",\"isPartOf\":{\"@id\":\"https:\\\/\\\/www.zoosantoinacio.com\\\/#website\"},\"primaryImageOfPage\":{\"@id\":\"https:\\\/\\\/www.zoosantoinacio.com\\\/en\\\/contacts\\\/#primaryimage\"},\"image\":{\"@id\":\"https:\\\/\\\/www.zoosantoinacio.com\\\/en\\\/contacts\\\/#primaryimage\"},\"thumbnailUrl\":\"https:\\\/\\\/www.zoosantoinacio.com\\\/wp-content\\\/uploads\\\/2024\\\/02\\\/wild-park-36-2560x699.jpg\",\"datePublished\":\"2024-01-29T11:22:50+00:00\",\"dateModified\":\"2024-12-10T14:26:22+00:00\",\"description\":\"Fale connosco e esclare\u00e7a as suas d\u00favidas. Entre agora mesmo em contacto com o Zoo Santo In\u00e1cio.\",\"breadcrumb\":{\"@id\":\"https:\\\/\\\/www.zoosantoinacio.com\\\/en\\\/contacts\\\/#breadcrumb\"},\"inLanguage\":\"en-US\",\"potentialAction\":[{\"@type\":\"ReadAction\",\"target\":[\"https:\\\/\\\/www.zoosantoinacio.com\\\/en\\\/contacts\\\/\"]}]},{\"@type\":\"ImageObject\",\"inLanguage\":\"en-US\",\"@id\":\"https:\\\/\\\/www.zoosantoinacio.com\\\/en\\\/contacts\\\/#primaryimage\",\"url\":\"https:\\\/\\\/www.zoosantoinacio.com\\\/wp-content\\\/uploads\\\/2024\\\/02\\\/wild-park-36-2560x699.jpg\",\"contentUrl\":\"https:\\\/\\\/www.zoosantoinacio.com\\\/wp-content\\\/uploads\\\/2024\\\/02\\\/wild-park-36-2560x699.jpg\",\"width\":2560,\"height\":699},{\"@type\":\"BreadcrumbList\",\"@id\":\"https:\\\/\\\/www.zoosantoinacio.com\\\/en\\\/contacts\\\/#breadcrumb\",\"itemListElement\":[{\"@type\":\"ListItem\",\"position\":1,\"name\":\"Home\",\"item\":\"https:\\\/\\\/www.zoosantoinacio.com\\\/en\\\/homepage\\\/\"},{\"@type\":\"ListItem\",\"position\":2,\"name\":\"Contacts\"}]},{\"@type\":\"WebSite\",\"@id\":\"https:\\\/\\\/www.zoosantoinacio.com\\\/#website\",\"url\":\"https:\\\/\\\/www.zoosantoinacio.com\\\/\",\"name\":\"Zoo Santo In\u00e1cio\",\"description\":\"\",\"publisher\":{\"@id\":\"https:\\\/\\\/www.zoosantoinacio.com\\\/#organization\"},\"potentialAction\":[{\"@type\":\"SearchAction\",\"target\":{\"@type\":\"EntryPoint\",\"urlTemplate\":\"https:\\\/\\\/www.zoosantoinacio.com\\\/?s={search_term_string}\"},\"query-input\":{\"@type\":\"PropertyValueSpecification\",\"valueRequired\":true,\"valueName\":\"search_term_string\"}}],\"inLanguage\":\"en-US\"},{\"@type\":\"Organization\",\"@id\":\"https:\\\/\\\/www.zoosantoinacio.com\\\/#organization\",\"name\":\"Zoo Santo In\u00e1cio\",\"url\":\"https:\\\/\\\/www.zoosantoinacio.com\\\/\",\"logo\":{\"@type\":\"ImageObject\",\"inLanguage\":\"en-US\",\"@id\":\"https:\\\/\\\/www.zoosantoinacio.com\\\/#\\\/schema\\\/logo\\\/image\\\/\",\"url\":\"https:\\\/\\\/www.zoosantoinacio.com\\\/wp-content\\\/uploads\\\/2024\\\/04\\\/logo-zoo-santo-inacio.png\",\"contentUrl\":\"https:\\\/\\\/www.zoosantoinacio.com\\\/wp-content\\\/uploads\\\/2024\\\/04\\\/logo-zoo-santo-inacio.png\",\"width\":194,\"height\":119,\"caption\":\"Zoo Santo In\u00e1cio\"},\"image\":{\"@id\":\"https:\\\/\\\/www.zoosantoinacio.com\\\/#\\\/schema\\\/logo\\\/image\\\/\"},\"sameAs\":[\"https:\\\/\\\/www.facebook.com\\\/zoosantoinacio\\\/\",\"https:\\\/\\\/instagram.com\\\/zoo_santoinacio\",\"https:\\\/\\\/www.tiktok.com\\\/@zoo_santoinacio\",\"https:\\\/\\\/www.linkedin.com\\\/company\\\/zoosantoinacio\",\"https:\\\/\\\/www.youtube.com\\\/channel\\\/UCSCT5cL1H_eGtUZzTt7yHmg\",\"https:\\\/\\\/www.tripadvisor.com.br\\\/Attraction_Review-g580268-d3521080-Reviews-Zoo_Santo_Inacio-Vila_Nova_de_Gaia_Porto_District_Northern_Portugal.html\"]}]}<\/script>\n<!-- \/ Yoast SEO plugin. -->","yoast_head_json":{"title":"Contacts - Zoo Santo In\u00e1cio","description":"Fale connosco e esclare\u00e7a as suas d\u00favidas. Entre agora mesmo em contacto com o Zoo Santo In\u00e1cio.","robots":{"index":"index","follow":"follow","max-snippet":"max-snippet:-1","max-image-preview":"max-image-preview:large","max-video-preview":"max-video-preview:-1"},"canonical":"https:\/\/www.zoosantoinacio.com\/en\/contacts\/","og_locale":"en_US","og_type":"article","og_title":"Contacts - Zoo Santo In\u00e1cio","og_description":"Fale connosco e esclare\u00e7a as suas d\u00favidas. Entre agora mesmo em contacto com o Zoo Santo In\u00e1cio.","og_url":"https:\/\/www.zoosantoinacio.com\/en\/contacts\/","og_site_name":"Zoo Santo In\u00e1cio","article_publisher":"https:\/\/www.facebook.com\/zoosantoinacio\/","article_modified_time":"2024-12-10T14:26:22+00:00","og_image":[{"width":2560,"height":699,"url":"https:\/\/www.zoosantoinacio.com\/wp-content\/uploads\/2024\/02\/wild-park-36-2560x699.jpg","type":"image\/jpeg"}],"twitter_card":"summary_large_image","twitter_misc":{"Est. reading time":"1 minute"},"schema":{"@context":"https:\/\/schema.org","@graph":[{"@type":"WebPage","@id":"https:\/\/www.zoosantoinacio.com\/en\/contacts\/","url":"https:\/\/www.zoosantoinacio.com\/en\/contacts\/","name":"Contacts - Zoo Santo In\u00e1cio","isPartOf":{"@id":"https:\/\/www.zoosantoinacio.com\/#website"},"primaryImageOfPage":{"@id":"https:\/\/www.zoosantoinacio.com\/en\/contacts\/#primaryimage"},"image":{"@id":"https:\/\/www.zoosantoinacio.com\/en\/contacts\/#primaryimage"},"thumbnailUrl":"https:\/\/www.zoosantoinacio.com\/wp-content\/uploads\/2024\/02\/wild-park-36-2560x699.jpg","datePublished":"2024-01-29T11:22:50+00:00","dateModified":"2024-12-10T14:26:22+00:00","description":"Fale connosco e esclare\u00e7a as suas d\u00favidas. Entre agora mesmo em contacto com o Zoo Santo In\u00e1cio.","breadcrumb":{"@id":"https:\/\/www.zoosantoinacio.com\/en\/contacts\/#breadcrumb"},"inLanguage":"en-US","potentialAction":[{"@type":"ReadAction","target":["https:\/\/www.zoosantoinacio.com\/en\/contacts\/"]}]},{"@type":"ImageObject","inLanguage":"en-US","@id":"https:\/\/www.zoosantoinacio.com\/en\/contacts\/#primaryimage","url":"https:\/\/www.zoosantoinacio.com\/wp-content\/uploads\/2024\/02\/wild-park-36-2560x699.jpg","contentUrl":"https:\/\/www.zoosantoinacio.com\/wp-content\/uploads\/2024\/02\/wild-park-36-2560x699.jpg","width":2560,"height":699},{"@type":"BreadcrumbList","@id":"https:\/\/www.zoosantoinacio.com\/en\/contacts\/#breadcrumb","itemListElement":[{"@type":"ListItem","position":1,"name":"Home","item":"https:\/\/www.zoosantoinacio.com\/en\/homepage\/"},{"@type":"ListItem","position":2,"name":"Contacts"}]},{"@type":"WebSite","@id":"https:\/\/www.zoosantoinacio.com\/#website","url":"https:\/\/www.zoosantoinacio.com\/","name":"Zoo Santo In\u00e1cio","description":"","publisher":{"@id":"https:\/\/www.zoosantoinacio.com\/#organization"},"potentialAction":[{"@type":"SearchAction","target":{"@type":"EntryPoint","urlTemplate":"https:\/\/www.zoosantoinacio.com\/?s={search_term_string}"},"query-input":{"@type":"PropertyValueSpecification","valueRequired":true,"valueName":"search_term_string"}}],"inLanguage":"en-US"},{"@type":"Organization","@id":"https:\/\/www.zoosantoinacio.com\/#organization","name":"Zoo Santo In\u00e1cio","url":"https:\/\/www.zoosantoinacio.com\/","logo":{"@type":"ImageObject","inLanguage":"en-US","@id":"https:\/\/www.zoosantoinacio.com\/#\/schema\/logo\/image\/","url":"https:\/\/www.zoosantoinacio.com\/wp-content\/uploads\/2024\/04\/logo-zoo-santo-inacio.png","contentUrl":"https:\/\/www.zoosantoinacio.com\/wp-content\/uploads\/2024\/04\/logo-zoo-santo-inacio.png","width":194,"height":119,"caption":"Zoo Santo In\u00e1cio"},"image":{"@id":"https:\/\/www.zoosantoinacio.com\/#\/schema\/logo\/image\/"},"sameAs":["https:\/\/www.facebook.com\/zoosantoinacio\/","https:\/\/instagram.com\/zoo_santoinacio","https:\/\/www.tiktok.com\/@zoo_santoinacio","https:\/\/www.linkedin.com\/company\/zoosantoinacio","https:\/\/www.youtube.com\/channel\/UCSCT5cL1H_eGtUZzTt7yHmg","https:\/\/www.tripadvisor.com.br\/Attraction_Review-g580268-d3521080-Reviews-Zoo_Santo_Inacio-Vila_Nova_de_Gaia_Porto_District_Northern_Portugal.html"]}]}},"_links":{"self":[{"href":"https:\/\/www.zoosantoinacio.com\/en\/wp-json\/wp\/v2\/pages\/10537","targetHints":{"allow":["GET"]}}],"collection":[{"href":"https:\/\/www.zoosantoinacio.com\/en\/wp-json\/wp\/v2\/pages"}],"about":[{"href":"https:\/\/www.zoosantoinacio.com\/en\/wp-json\/wp\/v2\/types\/page"}],"author":[{"embeddable":true,"href":"https:\/\/www.zoosantoinacio.com\/en\/wp-json\/wp\/v2\/users\/2"}],"replies":[{"embeddable":true,"href":"https:\/\/www.zoosantoinacio.com\/en\/wp-json\/wp\/v2\/comments?post=10537"}],"version-history":[{"count":0,"href":"https:\/\/www.zoosantoinacio.com\/en\/wp-json\/wp\/v2\/pages\/10537\/revisions"}],"wp:featuredmedia":[{"embeddable":true,"href":"https:\/\/www.zoosantoinacio.com\/en\/wp-json\/wp\/v2\/media\/8412"}],"wp:attachment":[{"href":"https:\/\/www.zoosantoinacio.com\/en\/wp-json\/wp\/v2\/media?parent=10537"}],"curies":[{"name":"wp","href":"https:\/\/api.w.org\/{rel}","templated":true}]}}