{"id":10536,"date":"2024-02-01T17:15:24","date_gmt":"2024-02-01T17:15:24","guid":{"rendered":"https:\/\/www.zoosantoinacio.com\/zoocard\/"},"modified":"2024-12-20T16:39:53","modified_gmt":"2024-12-20T16:39:53","slug":"zoocard","status":"publish","type":"page","link":"https:\/\/www.zoosantoinacio.com\/en\/zoocard\/","title":{"rendered":"Zoocard"},"content":{"rendered":"\n<div class=\"page-bg-medium\">\r\n\r\n    <div class=\"margin-70 no-top-margin\">\r\n        <div class=\"container-padding\">\r\n            <div class=\"container-large\">\r\n                <div class=\"text-center\">\r\n\r\n                    <p class=\"card-text\">Join Zoocard and come visit the Zoo whenever you want!<\/p>\r\n                    <h1 class=\"title large\">1 year of unlimited visits<\/h1>\r\n                    <p class=\"margin-20\"><a class=\"button\" href=\"#form\">Join Zoocard<\/a><\/p>\r\n\r\n                    <div class=\"margin-40\">\r\n                        <div class=\"card-discount\">\r\n                            <!-- discount -->\r\n                            <div class=\"card-discount-col\">\r\n                                <div class=\"card-discount-container\">\r\n                                    <div class=\"card-discount-img\">\r\n                                        <img loading=\"lazy\" decoding=\"async\" width=\"140\" height=\"140\" src=\"\/wp-content\/themes\/wildpark\/img\/dev\/wild-park-39.jpg\" alt=\"\">\r\n                                    <\/div>\r\n                                    <div class=\"card-discount-value\">-10%<\/div>\r\n                                    <div class=\"card-discount-text\">\r\n                                        <p>Restaurant <br>and Lake Bar<\/p>\r\n                                    <\/div>\r\n                                <\/div>\r\n                            <\/div>\r\n                            <!-- discount -->\r\n                            <div class=\"card-discount-col\">\r\n                                <div class=\"card-discount-container\">\r\n                                    <div class=\"card-discount-img\">\r\n                                        <img loading=\"lazy\" decoding=\"async\" width=\"140\" height=\"140\" src=\"\/wp-content\/themes\/wildpark\/img\/dev\/wild-park-40.jpg\" alt=\"\">\r\n                                    <\/div>\r\n                                    <div class=\"card-discount-value\">-10%<\/div>\r\n                                    <div class=\"card-discount-text\">\r\n                                        <p>Zoo Store<\/p>\r\n                                    <\/div>\r\n                                <\/div>\r\n                            <\/div>\r\n                            <!-- discount -->\r\n                            <div class=\"card-discount-col\">\r\n                                <div class=\"card-discount-container\">\r\n                                    <div class=\"card-discount-img\">\r\n                                        <img loading=\"lazy\" decoding=\"async\" width=\"140\" height=\"140\" src=\"\/wp-content\/themes\/wildpark\/img\/dev\/wild-park-41.jpg\" alt=\"\">\r\n                                    <\/div>\r\n                                    <div class=\"card-discount-value\">-10%<\/div>\r\n                                    <div class=\"card-discount-text\">\r\n                                        <p>Birthday <br>Parties<\/p>\r\n                                    <\/div>\r\n                                <\/div>\r\n                            <\/div>\r\n                            <!-- discount -->\r\n                            <div class=\"card-discount-col\">\r\n                                <div class=\"card-discount-container\">\r\n                                    <div class=\"card-discount-img\">\r\n                                        <img loading=\"lazy\" decoding=\"async\" width=\"140\" height=\"140\" src=\"\/wp-content\/themes\/wildpark\/img\/dev\/wild-park-42.jpg\" alt=\"\">\r\n                                    <\/div>\r\n                                    <div class=\"card-discount-value\">-10%<\/div>\r\n                                    <div class=\"card-discount-text\">\r\n                                        <p>Holiday <br>Camps<\/p>\r\n                                    <\/div>\r\n                                <\/div>\r\n                            <\/div>\r\n                        <\/div>\r\n                    <\/div>\r\n\r\n                <\/div>\r\n            <\/div>\r\n        \r\n\r\n\r\n            <div class=\"form-container\">\r\n\r\n                <div class=\"margin-50\">\r\n                    <div class=\"text-center\">\r\n                        <h2 class=\"title\">Make your request to join Zoocard now<\/h2>\r\n                        <a name=\"form\"><\/a>\r\n                    <\/div>\r\n                    <div class=\"card-price-container\">\r\n                        <div class=\"card-price-col\">\r\n                            <div class=\"card-price\">45\u20ac<\/div>\r\n                            <div class=\"card-price-desc\">\r\n                                <p class=\"card-name\">Zoocard<\/p>\r\n                                <p class=\"card-targuet\">Over 13 years<\/p>\r\n                            <\/div>\r\n                        <\/div>\r\n                        <div class=\"card-price-col\">\r\n                            <div class=\"card-price\">30\u20ac<\/div>\r\n                            <div class=\"card-price-desc\">\r\n                                <p class=\"card-name\">Zoocard Kids<\/p>\r\n                                <p class=\"card-targuet\">Up to 12 years<\/p>\r\n                            <\/div>\r\n                        <\/div>\r\n                    <\/div>\r\n                <\/div>\n\n<div class=\"wpcf7 no-js\" id=\"wpcf7-f10551-o1\" lang=\"en-US\" dir=\"ltr\" data-wpcf7-id=\"10551\">\n<div class=\"screen-reader-response\"><p role=\"status\" aria-live=\"polite\" aria-atomic=\"true\"><\/p> <ul><\/ul><\/div>\n<form action=\"\/en\/wp-json\/wp\/v2\/pages\/10536#wpcf7-f10551-o1\" method=\"post\" class=\"wpcf7-form init\" aria-label=\"Contact form\" novalidate=\"novalidate\" data-status=\"init\">\n<fieldset class=\"hidden-fields-container\"><input type=\"hidden\" name=\"_wpcf7\" value=\"10551\" \/><input type=\"hidden\" name=\"_wpcf7_version\" value=\"6.1.5\" \/><input type=\"hidden\" name=\"_wpcf7_locale\" value=\"en_US\" \/><input type=\"hidden\" name=\"_wpcf7_unit_tag\" value=\"wpcf7-f10551-o1\" \/><input type=\"hidden\" name=\"_wpcf7_container_post\" value=\"0\" \/><input type=\"hidden\" name=\"_wpcf7_posted_data_hash\" value=\"\" \/><input type=\"hidden\" name=\"_wpcf7cf_hidden_group_fields\" value=\"[]\" \/><input type=\"hidden\" name=\"_wpcf7cf_hidden_groups\" value=\"[]\" \/><input type=\"hidden\" name=\"_wpcf7cf_visible_groups\" value=\"[]\" \/><input type=\"hidden\" name=\"_wpcf7cf_repeaters\" value=\"[]\" \/><input type=\"hidden\" name=\"_wpcf7cf_steps\" value=\"{}\" \/><input type=\"hidden\" name=\"_wpcf7cf_options\" value=\"{&quot;form_id&quot;:10551,&quot;conditions&quot;:[],&quot;settings&quot;:{&quot;animation&quot;:&quot;yes&quot;,&quot;animation_intime&quot;:200,&quot;animation_outtime&quot;:200,&quot;conditions_ui&quot;:&quot;normal&quot;,&quot;notice_dismissed&quot;:false,&quot;notice_dismissed_rollback-cf7-5.8.6&quot;:true}}\" \/><input type=\"hidden\" name=\"_wpcf7dtx_version\" value=\"5.0.5\" \/><input type=\"hidden\" name=\"_wpcf7_recaptcha_response\" value=\"\" \/>\n<\/fieldset>\n<!-- row -->\n<div class=\"form-row\">\n    <!-- column -->\n    <div class=\"form-col\">\n        <!-- field -->\n        <div class=\"form-field\">\n            <label class=\"label\">Name<\/label>\n            <span class=\"wpcf7-form-control-wrap\" data-name=\"first_name\"><input size=\"40\" maxlength=\"400\" class=\"wpcf7-form-control wpcf7-text wpcf7-validates-as-required input-field\" aria-required=\"true\" aria-invalid=\"false\" value=\"\" type=\"text\" name=\"first_name\" \/><\/span>\n        <\/div>\n    <\/div>\n    <!-- column -->\n    <div class=\"form-col\">\n        <!-- field -->\n        <div class=\"form-field\">\n            <label class=\"label small\">Email<\/label>\n            <span class=\"wpcf7-form-control-wrap\" data-name=\"your-email\"><input size=\"40\" maxlength=\"400\" class=\"wpcf7-form-control wpcf7-email wpcf7-validates-as-required wpcf7-text wpcf7-validates-as-email input-field\" aria-required=\"true\" aria-invalid=\"false\" value=\"\" type=\"email\" name=\"your-email\" \/><\/span>\n        <\/div>\n    <\/div>\n<\/div>\n\n<!-- row -->\n<div class=\"form-row\">\n    <!-- column -->\n    <div class=\"form-col-full\">\n        <!-- field -->\n        <div class=\"form-field\">\n            <label class=\"label\">Address<\/label>\n            <span class=\"wpcf7-form-control-wrap\" data-name=\"your-address\"><input size=\"40\" maxlength=\"400\" class=\"wpcf7-form-control wpcf7-text input-field\" aria-invalid=\"false\" value=\"\" type=\"text\" name=\"your-address\" \/><\/span>\n        <\/div>\n    <\/div>\n<\/div>\n\n<!-- row -->\n<div class=\"form-row\">\n    <!-- column -->\n    <div class=\"form-col\">\n        <!-- field -->\n        <div class=\"form-field\">\n            <label class=\"label\">Phone<\/label>\n            <span class=\"wpcf7-form-control-wrap\" data-name=\"your-phone\"><input size=\"40\" maxlength=\"400\" class=\"wpcf7-form-control wpcf7-text wpcf7-validates-as-required input-field\" aria-required=\"true\" aria-invalid=\"false\" value=\"\" type=\"text\" name=\"your-phone\" \/><\/span>\n        <\/div>\n    <\/div>\n    <!-- column -->\n    <div class=\"form-col\">\n        <!-- field -->\n        <div class=\"form-field radio-field\">\n            <label class=\"label full\" for=\"wild-card-type\">Required option<\/label>\n            <div class=\"radio-row\">\n<span class=\"wpcf7-form-control-wrap\" data-name=\"wild-card-type\"><span class=\"wpcf7-form-control wpcf7-radio radio\"><span class=\"wpcf7-list-item first last\"><label><input type=\"radio\" name=\"wild-card-type\" value=\"Zoocard\" \/><span class=\"wpcf7-list-item-label\">Zoocard<\/span><\/label><\/span><\/span><\/span>\n\n            <\/div>\n            <div class=\"radio-row\">\n<span class=\"wpcf7-form-control-wrap\" data-name=\"wild-card-type\"><span class=\"wpcf7-form-control wpcf7-radio radio\"><span class=\"wpcf7-list-item first last\"><label><input type=\"radio\" name=\"wild-card-type\" value=\"Zoocard Kids\" \/><span class=\"wpcf7-list-item-label\">Zoocard Kids<\/span><\/label><\/span><\/span><\/span>\n            <\/div>\n        <\/div>\n    <\/div>\n<\/div>\n\n<!-- row -->\n<div class=\"form-row\">\n    <!-- column -->\n    <div class=\"form-col\">\n        <!-- field -->\n        <div class=\"form-field\">\n            <label class=\"label\">NIF:<\/label>\n            <span class=\"wpcf7-form-control-wrap\" data-name=\"your-nif\"><input size=\"40\" maxlength=\"400\" class=\"wpcf7-form-control wpcf7-text wpcf7-validates-as-required input-field\" aria-required=\"true\" aria-invalid=\"false\" value=\"\" type=\"text\" name=\"your-nif\" \/><\/span>\n        <\/div>\n    <\/div>\n<\/div>\n\n<!-- row -->\n<div class=\"form-row\">\n    <!-- column -->\n    <div class=\"form-col-full\">\n        <!-- field -->\n        <div class=\"form-field\">\n            <label class=\"label large top\">Observations <note>Optional<\/note><\/label>\n            <span class=\"wpcf7-form-control-wrap\" data-name=\"your-observations\"><textarea cols=\"40\" rows=\"10\" maxlength=\"2000\" class=\"wpcf7-form-control wpcf7-textarea textarea\" aria-invalid=\"false\" name=\"your-observations\"><\/textarea><\/span>\n        <\/div>\n    <\/div>\n<\/div>\n\n<!-- row -->\n<div class=\"form-row-indent\">\n\n    <!-- field -->\n    <div class=\"checkox-row\">\n<span class=\"wpcf7-form-control-wrap\" data-name=\"policy\"><span class=\"wpcf7-form-control wpcf7-acceptance\"><span class=\"wpcf7-list-item\"><label><input type=\"checkbox\" name=\"policy\" value=\"1\" class=\"checkox\" aria-invalid=\"false\" \/><span class=\"wpcf7-list-item-label\"><strong> I understand that filling out this form does not guarantee a reservation. I must wait to hear from Zoo Santo In\u00e1cio.<\/strong><\/span><\/label><\/span><\/span><\/span>\n    <\/div>\n    <!-- field -->\n    <div class=\"checkox-row\">\n<span class=\"wpcf7-form-control-wrap\" data-name=\"privacy\"><span class=\"wpcf7-form-control wpcf7-acceptance\"><span class=\"wpcf7-list-item\"><label><input type=\"checkbox\" name=\"privacy\" value=\"1\" class=\"checkox\" aria-invalid=\"false\" \/><span class=\"wpcf7-list-item-label\">I expressly and unequivocally agree that my personal data be processed for a possible contact and I accept the <a href=\"\/en\/privacy-policy\/\" title=\"Privacy Policy\"> Privacy Policy and processing of personal data<\/a> of Zoo Santo In\u00e1cio.<\/span><\/label><\/span><\/span><\/span>\n    <\/div>\n\n<div class=\"checkox-row\">\n<span class=\"wpcf7-form-control-wrap\" data-name=\"newsletter\"><span class=\"wpcf7-form-control wpcf7-acceptance optional\"><span class=\"wpcf7-list-item\"><label><input type=\"checkbox\" name=\"newsletter\" value=\"1\" class=\"checkox opt-in\" aria-invalid=\"false\" \/><span class=\"wpcf7-list-item-label\">I intend to receive communications from Zoo Santo In\u00e1cio in my email in accordance with the Zoo's <a href=\"\/en\/privacy-policy\/\">privacy policy<\/a>.<\/span><\/label><\/span><\/span><\/span>\n<\/div>\n\n<div style=\"display:none;\"> <span class=\"wpcf7-form-control-wrap\" data-name=\"your-subject\"><input size=\"40\" maxlength=\"400\" class=\"wpcf7-form-control wpcf7-text\" aria-invalid=\"false\" value=\"Zoocard-en\" type=\"text\" name=\"your-subject\" \/><\/span><\/div> \n<div style=\"display:none;\"> <span class=\"wpcf7-form-control-wrap\" data-name=\"extra_5\"><input size=\"40\" maxlength=\"400\" class=\"wpcf7-form-control wpcf7-text\" aria-invalid=\"false\" value=\"nao\" type=\"text\" name=\"extra_5\" \/><\/span><\/div> \n<div style=\"display:none;\"> <span class=\"wpcf7-form-control-wrap\" data-name=\"status-egoi\"><input size=\"40\" maxlength=\"400\" class=\"wpcf7-form-control wpcf7-text\" aria-invalid=\"false\" value=\"1\" type=\"text\" name=\"status-egoi\" \/><\/span> <\/div>\n\n<\/div>\n\n<div class=\"margin-20 no-bottom-margin\">\n    <div class=\"text-center\">\n        <input class=\"wpcf7-form-control wpcf7-submit has-spinner button\" type=\"submit\" value=\"Send\" \/>\n    <\/div>\n<\/div><div class=\"wpcf7-response-output\" aria-hidden=\"true\"><\/div>\n<\/form>\n<\/div>\n\n                <!--[contact-form-7 id=\"5c8f28b\" title=\"Wild Card\"]-->\r\n\r\n<div class=\"margin-40\">\r\n<div class=\"text-center\">\r\n<div class=\"card-footer-text\">\r\n    <p><strong>For more information you can contact us through: <br><a href=\"mailto:info@zoosantoinacio.com\"> info@zoosantoinacio.com<\/a>\r\n<\/strong><\/p>\r\n\r\n<\/div>\r\n<\/div>\r\n<\/div>\r\n            <\/div>\r\n    \r\n        <\/div>\r\n    <\/div>\r\n\r\n<\/div>\n","protected":false},"excerpt":{"rendered":"","protected":false},"author":2,"featured_media":12406,"parent":0,"menu_order":0,"comment_status":"closed","ping_status":"closed","template":"templates\/default_no-container.php","meta":{"_acf_changed":false,"footnotes":""},"class_list":["post-10536","page","type-page","status-publish","has-post-thumbnail","hentry"],"acf":[],"yoast_head":"<!-- This site is optimized with the Yoast SEO plugin v27.3 - https:\/\/yoast.com\/product\/yoast-seo-wordpress\/ -->\n<title>Zoocard - Zoo Santo In\u00e1cio<\/title>\n<meta name=\"description\" content=\"Adira ao Zoocard e tenha visitas ilimitadas ao Zoo Santo In\u00e1cio e v\u00e1rios descontos para outras atividades! Descubra o Zoocard.\" \/>\n<meta name=\"robots\" content=\"index, follow, max-snippet:-1, max-image-preview:large, max-video-preview:-1\" \/>\n<link rel=\"canonical\" href=\"https:\/\/www.zoosantoinacio.com\/en\/zoocard\/\" \/>\n<meta property=\"og:locale\" content=\"en_US\" \/>\n<meta property=\"og:type\" content=\"article\" \/>\n<meta property=\"og:title\" content=\"Zoocard - Zoo Santo In\u00e1cio\" \/>\n<meta property=\"og:description\" content=\"Adira ao Zoocard e tenha visitas ilimitadas ao Zoo Santo In\u00e1cio e v\u00e1rios descontos para outras atividades! Descubra o Zoocard.\" \/>\n<meta property=\"og:url\" content=\"https:\/\/www.zoosantoinacio.com\/en\/zoocard\/\" \/>\n<meta property=\"og:site_name\" content=\"Zoo Santo In\u00e1cio\" \/>\n<meta property=\"article:publisher\" content=\"https:\/\/www.facebook.com\/zoosantoinacio\/\" \/>\n<meta property=\"article:modified_time\" content=\"2024-12-20T16:39:53+00:00\" \/>\n<meta property=\"og:image\" content=\"https:\/\/www.zoosantoinacio.com\/wp-content\/uploads\/2024\/05\/card-1.jpg\" \/>\n\t<meta property=\"og:image:width\" content=\"2000\" \/>\n\t<meta property=\"og:image:height\" content=\"546\" \/>\n\t<meta property=\"og:image:type\" content=\"image\/jpeg\" \/>\n<meta name=\"twitter:card\" content=\"summary_large_image\" \/>\n<meta name=\"twitter:label1\" content=\"Est. reading time\" \/>\n\t<meta name=\"twitter:data1\" content=\"1 minute\" \/>\n<script type=\"application\/ld+json\" class=\"yoast-schema-graph\">{\"@context\":\"https:\\\/\\\/schema.org\",\"@graph\":[{\"@type\":\"WebPage\",\"@id\":\"https:\\\/\\\/www.zoosantoinacio.com\\\/en\\\/zoocard\\\/\",\"url\":\"https:\\\/\\\/www.zoosantoinacio.com\\\/en\\\/zoocard\\\/\",\"name\":\"Zoocard - Zoo Santo In\u00e1cio\",\"isPartOf\":{\"@id\":\"https:\\\/\\\/www.zoosantoinacio.com\\\/#website\"},\"primaryImageOfPage\":{\"@id\":\"https:\\\/\\\/www.zoosantoinacio.com\\\/en\\\/zoocard\\\/#primaryimage\"},\"image\":{\"@id\":\"https:\\\/\\\/www.zoosantoinacio.com\\\/en\\\/zoocard\\\/#primaryimage\"},\"thumbnailUrl\":\"https:\\\/\\\/www.zoosantoinacio.com\\\/wp-content\\\/uploads\\\/2026\\\/01\\\/banner-zoocard.jpg\",\"datePublished\":\"2024-02-01T17:15:24+00:00\",\"dateModified\":\"2024-12-20T16:39:53+00:00\",\"description\":\"Adira ao Zoocard e tenha visitas ilimitadas ao Zoo Santo In\u00e1cio e v\u00e1rios descontos para outras atividades! Descubra o Zoocard.\",\"breadcrumb\":{\"@id\":\"https:\\\/\\\/www.zoosantoinacio.com\\\/en\\\/zoocard\\\/#breadcrumb\"},\"inLanguage\":\"en-US\",\"potentialAction\":[{\"@type\":\"ReadAction\",\"target\":[\"https:\\\/\\\/www.zoosantoinacio.com\\\/en\\\/zoocard\\\/\"]}]},{\"@type\":\"ImageObject\",\"inLanguage\":\"en-US\",\"@id\":\"https:\\\/\\\/www.zoosantoinacio.com\\\/en\\\/zoocard\\\/#primaryimage\",\"url\":\"https:\\\/\\\/www.zoosantoinacio.com\\\/wp-content\\\/uploads\\\/2026\\\/01\\\/banner-zoocard.jpg\",\"contentUrl\":\"https:\\\/\\\/www.zoosantoinacio.com\\\/wp-content\\\/uploads\\\/2026\\\/01\\\/banner-zoocard.jpg\",\"width\":1609,\"height\":437},{\"@type\":\"BreadcrumbList\",\"@id\":\"https:\\\/\\\/www.zoosantoinacio.com\\\/en\\\/zoocard\\\/#breadcrumb\",\"itemListElement\":[{\"@type\":\"ListItem\",\"position\":1,\"name\":\"Home\",\"item\":\"https:\\\/\\\/www.zoosantoinacio.com\\\/en\\\/homepage\\\/\"},{\"@type\":\"ListItem\",\"position\":2,\"name\":\"Zoocard\"}]},{\"@type\":\"WebSite\",\"@id\":\"https:\\\/\\\/www.zoosantoinacio.com\\\/#website\",\"url\":\"https:\\\/\\\/www.zoosantoinacio.com\\\/\",\"name\":\"Zoo Santo In\u00e1cio\",\"description\":\"\",\"publisher\":{\"@id\":\"https:\\\/\\\/www.zoosantoinacio.com\\\/#organization\"},\"potentialAction\":[{\"@type\":\"SearchAction\",\"target\":{\"@type\":\"EntryPoint\",\"urlTemplate\":\"https:\\\/\\\/www.zoosantoinacio.com\\\/?s={search_term_string}\"},\"query-input\":{\"@type\":\"PropertyValueSpecification\",\"valueRequired\":true,\"valueName\":\"search_term_string\"}}],\"inLanguage\":\"en-US\"},{\"@type\":\"Organization\",\"@id\":\"https:\\\/\\\/www.zoosantoinacio.com\\\/#organization\",\"name\":\"Zoo Santo In\u00e1cio\",\"url\":\"https:\\\/\\\/www.zoosantoinacio.com\\\/\",\"logo\":{\"@type\":\"ImageObject\",\"inLanguage\":\"en-US\",\"@id\":\"https:\\\/\\\/www.zoosantoinacio.com\\\/#\\\/schema\\\/logo\\\/image\\\/\",\"url\":\"https:\\\/\\\/www.zoosantoinacio.com\\\/wp-content\\\/uploads\\\/2024\\\/04\\\/logo-zoo-santo-inacio.png\",\"contentUrl\":\"https:\\\/\\\/www.zoosantoinacio.com\\\/wp-content\\\/uploads\\\/2024\\\/04\\\/logo-zoo-santo-inacio.png\",\"width\":194,\"height\":119,\"caption\":\"Zoo Santo In\u00e1cio\"},\"image\":{\"@id\":\"https:\\\/\\\/www.zoosantoinacio.com\\\/#\\\/schema\\\/logo\\\/image\\\/\"},\"sameAs\":[\"https:\\\/\\\/www.facebook.com\\\/zoosantoinacio\\\/\",\"https:\\\/\\\/instagram.com\\\/zoo_santoinacio\",\"https:\\\/\\\/www.tiktok.com\\\/@zoo_santoinacio\",\"https:\\\/\\\/www.linkedin.com\\\/company\\\/zoosantoinacio\",\"https:\\\/\\\/www.youtube.com\\\/channel\\\/UCSCT5cL1H_eGtUZzTt7yHmg\",\"https:\\\/\\\/www.tripadvisor.com.br\\\/Attraction_Review-g580268-d3521080-Reviews-Zoo_Santo_Inacio-Vila_Nova_de_Gaia_Porto_District_Northern_Portugal.html\"]}]}<\/script>\n<!-- \/ Yoast SEO plugin. -->","yoast_head_json":{"title":"Zoocard - Zoo Santo In\u00e1cio","description":"Adira ao Zoocard e tenha visitas ilimitadas ao Zoo Santo In\u00e1cio e v\u00e1rios descontos para outras atividades! Descubra o Zoocard.","robots":{"index":"index","follow":"follow","max-snippet":"max-snippet:-1","max-image-preview":"max-image-preview:large","max-video-preview":"max-video-preview:-1"},"canonical":"https:\/\/www.zoosantoinacio.com\/en\/zoocard\/","og_locale":"en_US","og_type":"article","og_title":"Zoocard - Zoo Santo In\u00e1cio","og_description":"Adira ao Zoocard e tenha visitas ilimitadas ao Zoo Santo In\u00e1cio e v\u00e1rios descontos para outras atividades! Descubra o Zoocard.","og_url":"https:\/\/www.zoosantoinacio.com\/en\/zoocard\/","og_site_name":"Zoo Santo In\u00e1cio","article_publisher":"https:\/\/www.facebook.com\/zoosantoinacio\/","article_modified_time":"2024-12-20T16:39:53+00:00","og_image":[{"width":2000,"height":546,"url":"https:\/\/www.zoosantoinacio.com\/wp-content\/uploads\/2024\/05\/card-1.jpg","type":"image\/jpeg"}],"twitter_card":"summary_large_image","twitter_misc":{"Est. reading time":"1 minute"},"schema":{"@context":"https:\/\/schema.org","@graph":[{"@type":"WebPage","@id":"https:\/\/www.zoosantoinacio.com\/en\/zoocard\/","url":"https:\/\/www.zoosantoinacio.com\/en\/zoocard\/","name":"Zoocard - Zoo Santo In\u00e1cio","isPartOf":{"@id":"https:\/\/www.zoosantoinacio.com\/#website"},"primaryImageOfPage":{"@id":"https:\/\/www.zoosantoinacio.com\/en\/zoocard\/#primaryimage"},"image":{"@id":"https:\/\/www.zoosantoinacio.com\/en\/zoocard\/#primaryimage"},"thumbnailUrl":"https:\/\/www.zoosantoinacio.com\/wp-content\/uploads\/2026\/01\/banner-zoocard.jpg","datePublished":"2024-02-01T17:15:24+00:00","dateModified":"2024-12-20T16:39:53+00:00","description":"Adira ao Zoocard e tenha visitas ilimitadas ao Zoo Santo In\u00e1cio e v\u00e1rios descontos para outras atividades! Descubra o Zoocard.","breadcrumb":{"@id":"https:\/\/www.zoosantoinacio.com\/en\/zoocard\/#breadcrumb"},"inLanguage":"en-US","potentialAction":[{"@type":"ReadAction","target":["https:\/\/www.zoosantoinacio.com\/en\/zoocard\/"]}]},{"@type":"ImageObject","inLanguage":"en-US","@id":"https:\/\/www.zoosantoinacio.com\/en\/zoocard\/#primaryimage","url":"https:\/\/www.zoosantoinacio.com\/wp-content\/uploads\/2026\/01\/banner-zoocard.jpg","contentUrl":"https:\/\/www.zoosantoinacio.com\/wp-content\/uploads\/2026\/01\/banner-zoocard.jpg","width":1609,"height":437},{"@type":"BreadcrumbList","@id":"https:\/\/www.zoosantoinacio.com\/en\/zoocard\/#breadcrumb","itemListElement":[{"@type":"ListItem","position":1,"name":"Home","item":"https:\/\/www.zoosantoinacio.com\/en\/homepage\/"},{"@type":"ListItem","position":2,"name":"Zoocard"}]},{"@type":"WebSite","@id":"https:\/\/www.zoosantoinacio.com\/#website","url":"https:\/\/www.zoosantoinacio.com\/","name":"Zoo Santo In\u00e1cio","description":"","publisher":{"@id":"https:\/\/www.zoosantoinacio.com\/#organization"},"potentialAction":[{"@type":"SearchAction","target":{"@type":"EntryPoint","urlTemplate":"https:\/\/www.zoosantoinacio.com\/?s={search_term_string}"},"query-input":{"@type":"PropertyValueSpecification","valueRequired":true,"valueName":"search_term_string"}}],"inLanguage":"en-US"},{"@type":"Organization","@id":"https:\/\/www.zoosantoinacio.com\/#organization","name":"Zoo Santo In\u00e1cio","url":"https:\/\/www.zoosantoinacio.com\/","logo":{"@type":"ImageObject","inLanguage":"en-US","@id":"https:\/\/www.zoosantoinacio.com\/#\/schema\/logo\/image\/","url":"https:\/\/www.zoosantoinacio.com\/wp-content\/uploads\/2024\/04\/logo-zoo-santo-inacio.png","contentUrl":"https:\/\/www.zoosantoinacio.com\/wp-content\/uploads\/2024\/04\/logo-zoo-santo-inacio.png","width":194,"height":119,"caption":"Zoo Santo In\u00e1cio"},"image":{"@id":"https:\/\/www.zoosantoinacio.com\/#\/schema\/logo\/image\/"},"sameAs":["https:\/\/www.facebook.com\/zoosantoinacio\/","https:\/\/instagram.com\/zoo_santoinacio","https:\/\/www.tiktok.com\/@zoo_santoinacio","https:\/\/www.linkedin.com\/company\/zoosantoinacio","https:\/\/www.youtube.com\/channel\/UCSCT5cL1H_eGtUZzTt7yHmg","https:\/\/www.tripadvisor.com.br\/Attraction_Review-g580268-d3521080-Reviews-Zoo_Santo_Inacio-Vila_Nova_de_Gaia_Porto_District_Northern_Portugal.html"]}]}},"_links":{"self":[{"href":"https:\/\/www.zoosantoinacio.com\/en\/wp-json\/wp\/v2\/pages\/10536","targetHints":{"allow":["GET"]}}],"collection":[{"href":"https:\/\/www.zoosantoinacio.com\/en\/wp-json\/wp\/v2\/pages"}],"about":[{"href":"https:\/\/www.zoosantoinacio.com\/en\/wp-json\/wp\/v2\/types\/page"}],"author":[{"embeddable":true,"href":"https:\/\/www.zoosantoinacio.com\/en\/wp-json\/wp\/v2\/users\/2"}],"replies":[{"embeddable":true,"href":"https:\/\/www.zoosantoinacio.com\/en\/wp-json\/wp\/v2\/comments?post=10536"}],"version-history":[{"count":0,"href":"https:\/\/www.zoosantoinacio.com\/en\/wp-json\/wp\/v2\/pages\/10536\/revisions"}],"wp:featuredmedia":[{"embeddable":true,"href":"https:\/\/www.zoosantoinacio.com\/en\/wp-json\/wp\/v2\/media\/12406"}],"wp:attachment":[{"href":"https:\/\/www.zoosantoinacio.com\/en\/wp-json\/wp\/v2\/media?parent=10536"}],"curies":[{"name":"wp","href":"https:\/\/api.w.org\/{rel}","templated":true}]}}