{"id":10529,"date":"2024-03-08T17:07:38","date_gmt":"2024-03-08T17:07:38","guid":{"rendered":"https:\/\/www.zoosantoinacio.com\/onde-comer\/"},"modified":"2026-02-19T16:12:43","modified_gmt":"2026-02-19T16:12:43","slug":"where-to-eat","status":"publish","type":"page","link":"https:\/\/www.zoosantoinacio.com\/en\/where-to-eat\/","title":{"rendered":"Where to eat?"},"content":{"rendered":"","protected":false},"excerpt":{"rendered":"","protected":false},"author":4,"featured_media":9272,"parent":0,"menu_order":0,"comment_status":"closed","ping_status":"closed","template":"templates\/onde-comer.php","meta":{"_acf_changed":false,"footnotes":""},"class_list":["post-10529","page","type-page","status-publish","has-post-thumbnail","hentry"],"acf":[],"yoast_head":"<!-- This site is optimized with the Yoast SEO plugin v27.3 - https:\/\/yoast.com\/product\/yoast-seo-wordpress\/ -->\n<title>Where to eat? - Zoo Santo In\u00e1cio<\/title>\n<meta name=\"description\" content=\"Conhe\u00e7a o Restaurante e o Bar do Zoo Santo In\u00e1cio. Se trouxer o seu piquenique pode desfrutar do mesmo no Parque de Merendas.\" \/>\n<meta name=\"robots\" content=\"index, follow, max-snippet:-1, max-image-preview:large, max-video-preview:-1\" \/>\n<link rel=\"canonical\" href=\"https:\/\/www.zoosantoinacio.com\/en\/where-to-eat\/\" \/>\n<meta property=\"og:locale\" content=\"en_US\" \/>\n<meta property=\"og:type\" content=\"article\" \/>\n<meta property=\"og:title\" content=\"Where to eat? - Zoo Santo In\u00e1cio\" \/>\n<meta property=\"og:description\" content=\"Conhe\u00e7a o Restaurante e o Bar do Zoo Santo In\u00e1cio. Se trouxer o seu piquenique pode desfrutar do mesmo no Parque de Merendas.\" \/>\n<meta property=\"og:url\" content=\"https:\/\/www.zoosantoinacio.com\/en\/where-to-eat\/\" \/>\n<meta property=\"og:site_name\" content=\"Zoo Santo In\u00e1cio\" \/>\n<meta property=\"article:publisher\" content=\"https:\/\/www.facebook.com\/zoosantoinacio\/\" \/>\n<meta property=\"article:modified_time\" content=\"2026-02-19T16:12:43+00:00\" \/>\n<meta property=\"og:image\" content=\"https:\/\/www.zoosantoinacio.com\/wp-content\/uploads\/2024\/03\/zoo-santo-inacio-2-2560x699.jpg\" \/>\n\t<meta property=\"og:image:width\" content=\"2560\" \/>\n\t<meta property=\"og:image:height\" content=\"699\" \/>\n\t<meta property=\"og:image:type\" content=\"image\/jpeg\" \/>\n<meta name=\"twitter:card\" content=\"summary_large_image\" \/>\n<meta name=\"twitter:label1\" content=\"Est. reading time\" \/>\n\t<meta name=\"twitter:data1\" content=\"1 minute\" \/>\n<script type=\"application\/ld+json\" class=\"yoast-schema-graph\">{\"@context\":\"https:\\\/\\\/schema.org\",\"@graph\":[{\"@type\":\"WebPage\",\"@id\":\"https:\\\/\\\/www.zoosantoinacio.com\\\/en\\\/where-to-eat\\\/\",\"url\":\"https:\\\/\\\/www.zoosantoinacio.com\\\/en\\\/where-to-eat\\\/\",\"name\":\"Where to eat? - Zoo Santo In\u00e1cio\",\"isPartOf\":{\"@id\":\"https:\\\/\\\/www.zoosantoinacio.com\\\/#website\"},\"primaryImageOfPage\":{\"@id\":\"https:\\\/\\\/www.zoosantoinacio.com\\\/en\\\/where-to-eat\\\/#primaryimage\"},\"image\":{\"@id\":\"https:\\\/\\\/www.zoosantoinacio.com\\\/en\\\/where-to-eat\\\/#primaryimage\"},\"thumbnailUrl\":\"https:\\\/\\\/www.zoosantoinacio.com\\\/wp-content\\\/uploads\\\/2024\\\/03\\\/zoo-santo-inacio-2-2560x699.jpg\",\"datePublished\":\"2024-03-08T17:07:38+00:00\",\"dateModified\":\"2026-02-19T16:12:43+00:00\",\"description\":\"Conhe\u00e7a o Restaurante e o Bar do Zoo Santo In\u00e1cio. Se trouxer o seu piquenique pode desfrutar do mesmo no Parque de Merendas.\",\"breadcrumb\":{\"@id\":\"https:\\\/\\\/www.zoosantoinacio.com\\\/en\\\/where-to-eat\\\/#breadcrumb\"},\"inLanguage\":\"en-US\",\"potentialAction\":[{\"@type\":\"ReadAction\",\"target\":[\"https:\\\/\\\/www.zoosantoinacio.com\\\/en\\\/where-to-eat\\\/\"]}]},{\"@type\":\"ImageObject\",\"inLanguage\":\"en-US\",\"@id\":\"https:\\\/\\\/www.zoosantoinacio.com\\\/en\\\/where-to-eat\\\/#primaryimage\",\"url\":\"https:\\\/\\\/www.zoosantoinacio.com\\\/wp-content\\\/uploads\\\/2024\\\/03\\\/zoo-santo-inacio-2-2560x699.jpg\",\"contentUrl\":\"https:\\\/\\\/www.zoosantoinacio.com\\\/wp-content\\\/uploads\\\/2024\\\/03\\\/zoo-santo-inacio-2-2560x699.jpg\",\"width\":2560,\"height\":699},{\"@type\":\"BreadcrumbList\",\"@id\":\"https:\\\/\\\/www.zoosantoinacio.com\\\/en\\\/where-to-eat\\\/#breadcrumb\",\"itemListElement\":[{\"@type\":\"ListItem\",\"position\":1,\"name\":\"Home\",\"item\":\"https:\\\/\\\/www.zoosantoinacio.com\\\/en\\\/homepage\\\/\"},{\"@type\":\"ListItem\",\"position\":2,\"name\":\"Where to eat?\"}]},{\"@type\":\"WebSite\",\"@id\":\"https:\\\/\\\/www.zoosantoinacio.com\\\/#website\",\"url\":\"https:\\\/\\\/www.zoosantoinacio.com\\\/\",\"name\":\"Zoo Santo In\u00e1cio\",\"description\":\"\",\"publisher\":{\"@id\":\"https:\\\/\\\/www.zoosantoinacio.com\\\/#organization\"},\"potentialAction\":[{\"@type\":\"SearchAction\",\"target\":{\"@type\":\"EntryPoint\",\"urlTemplate\":\"https:\\\/\\\/www.zoosantoinacio.com\\\/?s={search_term_string}\"},\"query-input\":{\"@type\":\"PropertyValueSpecification\",\"valueRequired\":true,\"valueName\":\"search_term_string\"}}],\"inLanguage\":\"en-US\"},{\"@type\":\"Organization\",\"@id\":\"https:\\\/\\\/www.zoosantoinacio.com\\\/#organization\",\"name\":\"Zoo Santo In\u00e1cio\",\"url\":\"https:\\\/\\\/www.zoosantoinacio.com\\\/\",\"logo\":{\"@type\":\"ImageObject\",\"inLanguage\":\"en-US\",\"@id\":\"https:\\\/\\\/www.zoosantoinacio.com\\\/#\\\/schema\\\/logo\\\/image\\\/\",\"url\":\"https:\\\/\\\/www.zoosantoinacio.com\\\/wp-content\\\/uploads\\\/2024\\\/04\\\/logo-zoo-santo-inacio.png\",\"contentUrl\":\"https:\\\/\\\/www.zoosantoinacio.com\\\/wp-content\\\/uploads\\\/2024\\\/04\\\/logo-zoo-santo-inacio.png\",\"width\":194,\"height\":119,\"caption\":\"Zoo Santo In\u00e1cio\"},\"image\":{\"@id\":\"https:\\\/\\\/www.zoosantoinacio.com\\\/#\\\/schema\\\/logo\\\/image\\\/\"},\"sameAs\":[\"https:\\\/\\\/www.facebook.com\\\/zoosantoinacio\\\/\",\"https:\\\/\\\/instagram.com\\\/zoo_santoinacio\",\"https:\\\/\\\/www.tiktok.com\\\/@zoo_santoinacio\",\"https:\\\/\\\/www.linkedin.com\\\/company\\\/zoosantoinacio\",\"https:\\\/\\\/www.youtube.com\\\/channel\\\/UCSCT5cL1H_eGtUZzTt7yHmg\",\"https:\\\/\\\/www.tripadvisor.com.br\\\/Attraction_Review-g580268-d3521080-Reviews-Zoo_Santo_Inacio-Vila_Nova_de_Gaia_Porto_District_Northern_Portugal.html\"]}]}<\/script>\n<!-- \/ Yoast SEO plugin. -->","yoast_head_json":{"title":"Where to eat? - Zoo Santo In\u00e1cio","description":"Conhe\u00e7a o Restaurante e o Bar do Zoo Santo In\u00e1cio. Se trouxer o seu piquenique pode desfrutar do mesmo no Parque de Merendas.","robots":{"index":"index","follow":"follow","max-snippet":"max-snippet:-1","max-image-preview":"max-image-preview:large","max-video-preview":"max-video-preview:-1"},"canonical":"https:\/\/www.zoosantoinacio.com\/en\/where-to-eat\/","og_locale":"en_US","og_type":"article","og_title":"Where to eat? - Zoo Santo In\u00e1cio","og_description":"Conhe\u00e7a o Restaurante e o Bar do Zoo Santo In\u00e1cio. Se trouxer o seu piquenique pode desfrutar do mesmo no Parque de Merendas.","og_url":"https:\/\/www.zoosantoinacio.com\/en\/where-to-eat\/","og_site_name":"Zoo Santo In\u00e1cio","article_publisher":"https:\/\/www.facebook.com\/zoosantoinacio\/","article_modified_time":"2026-02-19T16:12:43+00:00","og_image":[{"width":2560,"height":699,"url":"https:\/\/www.zoosantoinacio.com\/wp-content\/uploads\/2024\/03\/zoo-santo-inacio-2-2560x699.jpg","type":"image\/jpeg"}],"twitter_card":"summary_large_image","twitter_misc":{"Est. reading time":"1 minute"},"schema":{"@context":"https:\/\/schema.org","@graph":[{"@type":"WebPage","@id":"https:\/\/www.zoosantoinacio.com\/en\/where-to-eat\/","url":"https:\/\/www.zoosantoinacio.com\/en\/where-to-eat\/","name":"Where to eat? - Zoo Santo In\u00e1cio","isPartOf":{"@id":"https:\/\/www.zoosantoinacio.com\/#website"},"primaryImageOfPage":{"@id":"https:\/\/www.zoosantoinacio.com\/en\/where-to-eat\/#primaryimage"},"image":{"@id":"https:\/\/www.zoosantoinacio.com\/en\/where-to-eat\/#primaryimage"},"thumbnailUrl":"https:\/\/www.zoosantoinacio.com\/wp-content\/uploads\/2024\/03\/zoo-santo-inacio-2-2560x699.jpg","datePublished":"2024-03-08T17:07:38+00:00","dateModified":"2026-02-19T16:12:43+00:00","description":"Conhe\u00e7a o Restaurante e o Bar do Zoo Santo In\u00e1cio. Se trouxer o seu piquenique pode desfrutar do mesmo no Parque de Merendas.","breadcrumb":{"@id":"https:\/\/www.zoosantoinacio.com\/en\/where-to-eat\/#breadcrumb"},"inLanguage":"en-US","potentialAction":[{"@type":"ReadAction","target":["https:\/\/www.zoosantoinacio.com\/en\/where-to-eat\/"]}]},{"@type":"ImageObject","inLanguage":"en-US","@id":"https:\/\/www.zoosantoinacio.com\/en\/where-to-eat\/#primaryimage","url":"https:\/\/www.zoosantoinacio.com\/wp-content\/uploads\/2024\/03\/zoo-santo-inacio-2-2560x699.jpg","contentUrl":"https:\/\/www.zoosantoinacio.com\/wp-content\/uploads\/2024\/03\/zoo-santo-inacio-2-2560x699.jpg","width":2560,"height":699},{"@type":"BreadcrumbList","@id":"https:\/\/www.zoosantoinacio.com\/en\/where-to-eat\/#breadcrumb","itemListElement":[{"@type":"ListItem","position":1,"name":"Home","item":"https:\/\/www.zoosantoinacio.com\/en\/homepage\/"},{"@type":"ListItem","position":2,"name":"Where to eat?"}]},{"@type":"WebSite","@id":"https:\/\/www.zoosantoinacio.com\/#website","url":"https:\/\/www.zoosantoinacio.com\/","name":"Zoo Santo In\u00e1cio","description":"","publisher":{"@id":"https:\/\/www.zoosantoinacio.com\/#organization"},"potentialAction":[{"@type":"SearchAction","target":{"@type":"EntryPoint","urlTemplate":"https:\/\/www.zoosantoinacio.com\/?s={search_term_string}"},"query-input":{"@type":"PropertyValueSpecification","valueRequired":true,"valueName":"search_term_string"}}],"inLanguage":"en-US"},{"@type":"Organization","@id":"https:\/\/www.zoosantoinacio.com\/#organization","name":"Zoo Santo In\u00e1cio","url":"https:\/\/www.zoosantoinacio.com\/","logo":{"@type":"ImageObject","inLanguage":"en-US","@id":"https:\/\/www.zoosantoinacio.com\/#\/schema\/logo\/image\/","url":"https:\/\/www.zoosantoinacio.com\/wp-content\/uploads\/2024\/04\/logo-zoo-santo-inacio.png","contentUrl":"https:\/\/www.zoosantoinacio.com\/wp-content\/uploads\/2024\/04\/logo-zoo-santo-inacio.png","width":194,"height":119,"caption":"Zoo Santo In\u00e1cio"},"image":{"@id":"https:\/\/www.zoosantoinacio.com\/#\/schema\/logo\/image\/"},"sameAs":["https:\/\/www.facebook.com\/zoosantoinacio\/","https:\/\/instagram.com\/zoo_santoinacio","https:\/\/www.tiktok.com\/@zoo_santoinacio","https:\/\/www.linkedin.com\/company\/zoosantoinacio","https:\/\/www.youtube.com\/channel\/UCSCT5cL1H_eGtUZzTt7yHmg","https:\/\/www.tripadvisor.com.br\/Attraction_Review-g580268-d3521080-Reviews-Zoo_Santo_Inacio-Vila_Nova_de_Gaia_Porto_District_Northern_Portugal.html"]}]}},"_links":{"self":[{"href":"https:\/\/www.zoosantoinacio.com\/en\/wp-json\/wp\/v2\/pages\/10529","targetHints":{"allow":["GET"]}}],"collection":[{"href":"https:\/\/www.zoosantoinacio.com\/en\/wp-json\/wp\/v2\/pages"}],"about":[{"href":"https:\/\/www.zoosantoinacio.com\/en\/wp-json\/wp\/v2\/types\/page"}],"author":[{"embeddable":true,"href":"https:\/\/www.zoosantoinacio.com\/en\/wp-json\/wp\/v2\/users\/4"}],"replies":[{"embeddable":true,"href":"https:\/\/www.zoosantoinacio.com\/en\/wp-json\/wp\/v2\/comments?post=10529"}],"version-history":[{"count":0,"href":"https:\/\/www.zoosantoinacio.com\/en\/wp-json\/wp\/v2\/pages\/10529\/revisions"}],"wp:featuredmedia":[{"embeddable":true,"href":"https:\/\/www.zoosantoinacio.com\/en\/wp-json\/wp\/v2\/media\/9272"}],"wp:attachment":[{"href":"https:\/\/www.zoosantoinacio.com\/en\/wp-json\/wp\/v2\/media?parent=10529"}],"curies":[{"name":"wp","href":"https:\/\/api.w.org\/{rel}","templated":true}]}}